{"id":416,"date":"2023-03-30T00:33:18","date_gmt":"2023-03-30T00:33:18","guid":{"rendered":"https:\/\/www.decoutere.eu\/hetzonlicht\/?page_id=416"},"modified":"2023-08-29T20:19:03","modified_gmt":"2023-08-29T20:19:03","slug":"aromatherapie","status":"publish","type":"page","link":"https:\/\/www.hetzonlicht.be\/?page_id=416","title":{"rendered":"Aromatherapie"},"content":{"rendered":"<div id=\"pl-416\"  class=\"panel-layout\" ><div id=\"pg-416-0\"  class=\"panel-grid panel-no-style\" ><div id=\"pgc-416-0-0\"  class=\"panel-grid-cell\" ><div id=\"panel-416-0-0-0\" class=\"so-panel widget widget_sow-editor panel-first-child panel-last-child\" data-index=\"0\" ><div\n\t\t\t\n\t\t\tclass=\"so-widget-sow-editor so-widget-sow-editor-base\"\n\t\t\t\n\t\t><h3 class=\"widget-title\">Aromatherapie<\/h3>\n<div class=\"siteorigin-widget-tinymce textwidget\">\n\t<p>Aromatherapie is een holistische therapie, die lichaam, hoofd en geest behandelt door het gebruik van etherische oli\u00ebn die uit planten en kruiden worden onttrokken door middel van stoomdistillatie.<br \/>\nDe kunst van aromatherapie gaat terug naar de oudste genezingsmethoden, die al toegepast werden duizenden jaren geleden, toen men de genezende eigenschappen van planten en kruiden ontdekte.<br \/>\nEtherische oli\u00ebn in allerlei geuren kunnen voor gelijk welk soort kwaaltje op verschillende manieren gebruikt worden: onder de vorm van een massage of verdamping, oraal gebruik, verdund in een plantaardige olie, in een neutrale cr\u00e8me of in bad.<br \/>\nJe kan de oli\u00ebn ook in een aromaverstuiver gebruiken, zodat je huiskamer of praktijk heerlijk ruikt.\u00a0 Het brengt bovendien veel positieve energie in de ruimte.<br \/>\nNog een belangrijk weetje is dat aromatische oli\u00ebn in een aromaverstuiver toegepast, de atmosfeer van je woning reinigen van negatieve energie\u00ebn en bacteri\u00ebn.<\/p>\n<\/div>\n<\/div><\/div><\/div><\/div><div id=\"pg-416-1\"  class=\"panel-grid panel-no-style\" ><div id=\"pgc-416-1-0\"  class=\"panel-grid-cell\" ><div id=\"panel-416-1-0-0\" class=\"so-panel widget widget_sow-image panel-first-child panel-last-child\" data-index=\"1\" ><div\n\t\t\t\n\t\t\tclass=\"so-widget-sow-image so-widget-sow-image-default-dbf295114b96-416\"\n\t\t\t\n\t\t>\n<div class=\"sow-image-container\">\n\t\t<img \n\tsrc=\"https:\/\/www.hetzonlicht.be\/wp-content\/uploads\/aromath-1-150x150.jpg\" width=\"150\" height=\"150\" sizes=\"(max-width: 150px) 100vw, 150px\" alt=\"\" \t\tclass=\"so-widget-image\"\/>\n\t<\/div>\n\n<\/div><\/div><\/div><div id=\"pgc-416-1-1\"  class=\"panel-grid-cell panel-grid-cell-empty panel-grid-cell-mobile-last\" ><\/div><div id=\"pgc-416-1-2\"  class=\"panel-grid-cell panel-grid-cell-empty\" ><\/div><\/div><div id=\"pg-416-2\"  class=\"panel-grid panel-has-style\" ><div class=\"siteorigin-panels-stretch panel-row-style panel-row-style-for-416-2\" data-stretch-type=\"full-stretched\" ><div id=\"pgc-416-2-0\"  class=\"panel-grid-cell\" ><div id=\"panel-416-2-0-0\" class=\"so-panel widget widget_sow-editor panel-first-child panel-last-child\" data-index=\"2\" ><div\n\t\t\t\n\t\t\tclass=\"so-widget-sow-editor so-widget-sow-editor-base\"\n\t\t\t\n\t\t>\n<div class=\"siteorigin-widget-tinymce textwidget\">\n\t<hr style=\"height:1px;border-width:0;color:gray;background-color:#e0e0e0\"\/>\n<p style=\"text-align: center;\"><strong>Contacteer ons<\/strong><br \/>\nHet Zonlicht Verzetslaan 17 8552 Moen<br \/>\nGSM: 0479 92 21 58 kristel@hetzonlicht.be<\/p>\n<\/div>\n<\/div><\/div><\/div><\/div><\/div><\/div>","protected":false},"excerpt":{"rendered":"<p>Aromatherapie is een holistische therapie, die lichaam, hoofd en geest behandelt door het gebruik van etherische oli\u00ebn die uit planten en kruiden worden onttrokken door middel van stoomdistillatie. De kunst van aromatherapie gaat terug naar de oudste genezingsmethoden, die al toegepast werden duizenden jaren geleden, toen men de genezende eigenschappen van planten en kruiden ontdekte. [&hellip;]<\/p>\n","protected":false},"author":1,"featured_media":0,"parent":0,"menu_order":0,"comment_status":"closed","ping_status":"closed","template":"","meta":{"footnotes":""},"class_list":["post-416","page","type-page","status-publish","hentry","post"],"_links":{"self":[{"href":"https:\/\/www.hetzonlicht.be\/index.php?rest_route=\/wp\/v2\/pages\/416","targetHints":{"allow":["GET"]}}],"collection":[{"href":"https:\/\/www.hetzonlicht.be\/index.php?rest_route=\/wp\/v2\/pages"}],"about":[{"href":"https:\/\/www.hetzonlicht.be\/index.php?rest_route=\/wp\/v2\/types\/page"}],"author":[{"embeddable":true,"href":"https:\/\/www.hetzonlicht.be\/index.php?rest_route=\/wp\/v2\/users\/1"}],"replies":[{"embeddable":true,"href":"https:\/\/www.hetzonlicht.be\/index.php?rest_route=%2Fwp%2Fv2%2Fcomments&post=416"}],"version-history":[{"count":6,"href":"https:\/\/www.hetzonlicht.be\/index.php?rest_route=\/wp\/v2\/pages\/416\/revisions"}],"predecessor-version":[{"id":1245,"href":"https:\/\/www.hetzonlicht.be\/index.php?rest_route=\/wp\/v2\/pages\/416\/revisions\/1245"}],"wp:attachment":[{"href":"https:\/\/www.hetzonlicht.be\/index.php?rest_route=%2Fwp%2Fv2%2Fmedia&parent=416"}],"curies":[{"name":"wp","href":"https:\/\/api.w.org\/{rel}","templated":true}]}}